{"id":174,"date":"2020-01-30T09:28:53","date_gmt":"2020-01-30T09:28:53","guid":{"rendered":"https:\/\/demosites.io\/architecture-gb\/?page_id=174"},"modified":"2023-12-10T20:24:15","modified_gmt":"2023-12-10T19:24:15","slug":"e866c-homepage","status":"publish","type":"page","link":"https:\/\/www.canalonesceuti.com\/web\/","title":{"rendered":"Homepage"},"content":{"rendered":"\n<div id=\"wp-block-themeisle-blocks-advanced-columns-17417fc2\" class=\"wp-block-themeisle-blocks-advanced-columns alignfull has-1-columns has-desktop-equal-layout has-tablet-equal-layout has-mobile-equal-layout has-vertical-unset\"><div class=\"wp-block-themeisle-blocks-advanced-columns-overlay\"><\/div><div class=\"innerblocks-wrap\">\n<div id=\"wp-block-themeisle-blocks-advanced-column-14a56319\" class=\"wp-block-themeisle-blocks-advanced-column\">\n<h1 id=\"wp-block-themeisle-blocks-advanced-heading-7219cdff\" class=\"wp-block-themeisle-blocks-advanced-heading wp-block-themeisle-blocks-advanced-heading-7219cdff\">CANALONES CEUT\u00cd<\/h1>\n\n\n\n<p class=\"has-text-align-center has-white-color has-text-color\" style=\"font-size:22px\">Te ofrecemos la mejor soluci\u00f3n para proteger a tu tejado de la lluvia<\/p>\n\n\n\n<div class=\"wp-block-buttons is-horizontal is-content-justification-center is-layout-flex wp-container-core-buttons-is-layout-499968f5 wp-block-buttons-is-layout-flex\">\n<div class=\"wp-block-button is-style-primary\"><a class=\"wp-block-button__link wp-element-button\" href=\"https:\/\/www.canalonesceuti.com\/web\/contacto\/\" rel=\"\">CONTACTA CON NOSOTROS<\/a><\/div>\n<\/div>\n<\/div>\n<\/div><\/div>\n\n\n\n<div id=\"wp-block-themeisle-blocks-advanced-columns-158efab7\" class=\"wp-block-themeisle-blocks-advanced-columns has-2-columns has-desktop-equal-layout has-tablet-equal-layout has-mobile-collapsedRows-layout has-vertical-unset has-default-gap has-light-bg\"><div class=\"wp-block-themeisle-blocks-advanced-columns-overlay\"><\/div><div class=\"innerblocks-wrap\">\n<div id=\"wp-block-themeisle-blocks-advanced-column-c78a2ddc\" class=\"wp-block-themeisle-blocks-advanced-column\">\n<figure class=\"wp-block-image size-large\"><img loading=\"lazy\" decoding=\"async\" width=\"882\" height=\"529\" data-attachment-id=\"55\" data-permalink=\"https:\/\/www.canalonesceuti.com\/web\/tipos-de-canalones-en-murcia\/\" data-orig-file=\"https:\/\/www.canalonesceuti.com\/web\/wp-content\/uploads\/2021\/06\/tipos-de-canalones-en-murcia.jpg\" data-orig-size=\"882,529\" data-comments-opened=\"1\" data-image-meta=\"{&quot;aperture&quot;:&quot;0&quot;,&quot;credit&quot;:&quot;&quot;,&quot;camera&quot;:&quot;&quot;,&quot;caption&quot;:&quot;&quot;,&quot;created_timestamp&quot;:&quot;1624007601&quot;,&quot;copyright&quot;:&quot;&quot;,&quot;focal_length&quot;:&quot;0&quot;,&quot;iso&quot;:&quot;0&quot;,&quot;shutter_speed&quot;:&quot;0&quot;,&quot;title&quot;:&quot;&quot;,&quot;orientation&quot;:&quot;1&quot;}\" data-image-title=\"tipos de canalones en murcia\" data-image-description=\"\" data-image-caption=\"\" data-medium-file=\"https:\/\/www.canalonesceuti.com\/web\/wp-content\/uploads\/2021\/06\/tipos-de-canalones-en-murcia-300x180.jpg\" data-large-file=\"https:\/\/www.canalonesceuti.com\/web\/wp-content\/uploads\/2021\/06\/tipos-de-canalones-en-murcia.jpg\" src=\"https:\/\/www.canalonesceuti.com\/web\/wp-content\/uploads\/2021\/06\/tipos-de-canalones-en-murcia.jpg\" alt=\"tipos de canalones en murcia\" class=\"wp-image-55\" srcset=\"https:\/\/www.canalonesceuti.com\/web\/wp-content\/uploads\/2021\/06\/tipos-de-canalones-en-murcia.jpg 882w, https:\/\/www.canalonesceuti.com\/web\/wp-content\/uploads\/2021\/06\/tipos-de-canalones-en-murcia-300x180.jpg 300w, https:\/\/www.canalonesceuti.com\/web\/wp-content\/uploads\/2021\/06\/tipos-de-canalones-en-murcia-768x461.jpg 768w\" sizes=\"auto, (max-width: 882px) 100vw, 882px\" \/><\/figure>\n<\/div>\n\n\n\n<div id=\"wp-block-themeisle-blocks-advanced-column-1480e825\" class=\"wp-block-themeisle-blocks-advanced-column\">\n<div style=\"height:30px\" aria-hidden=\"true\" class=\"wp-block-spacer\"><\/div>\n\n\n\n<p>Somos una empresa dedicada a los canalones y desag\u00fces. <\/p>\n\n\n\n<p>En Canalones Ceut\u00ed contamos con personal cualificado y especializado dispuesto a atenderte y a asesorarte con la mejor opci\u00f3n que necesites para tu tejado. <\/p>\n\n\n\n<p>Contamos con 15 a\u00f1os de experiencia y seguimos trabajando d\u00eda a d\u00eda para mantener la calidad que nos caracteriza.<\/p>\n\n\n\n<div class=\"wp-block-buttons is-content-justification-center is-layout-flex wp-container-core-buttons-is-layout-16018d1d wp-block-buttons-is-layout-flex\">\n<div class=\"wp-block-button is-style-secondary\"><a class=\"wp-block-button__link wp-element-button\" href=\"https:\/\/www.canalonesceuti.com\/web\/trabajos\/\">MIRA NUESTROS TRABAJOS<\/a><\/div>\n<\/div>\n<\/div>\n<\/div><\/div>\n\n\n\n<div id=\"wp-block-themeisle-blocks-advanced-columns-754a1f1f\" class=\"wp-block-themeisle-blocks-advanced-columns alignfull has-3-columns has-desktop-equal-layout has-tablet-equal-layout has-mobile-collapsedRows-layout has-vertical-unset\"><div class=\"wp-block-themeisle-blocks-advanced-columns-overlay\"><\/div><div class=\"innerblocks-wrap\">\n<div id=\"wp-block-themeisle-blocks-advanced-column-bdfac780\" class=\"wp-block-themeisle-blocks-advanced-column has-dark-bg\">\n<div class=\"wp-block-themeisle-blocks-service\">\n<div id=\"wp-block-themeisle-blocks-font-awesome-icons-b1f19e10\" class=\"wp-block-themeisle-blocks-font-awesome-icons\"><span class=\"wp-block-themeisle-blocks-font-awesome-icons-container\"><i class=\"fas fa-swatchbook\"><\/i><\/span><\/div>\n\n\n\n<h3 id=\"wp-block-themeisle-blocks-advanced-heading-f72a86a9\" class=\"wp-block-themeisle-blocks-advanced-heading wp-block-themeisle-blocks-advanced-heading-f72a86a9\">R\u00c1PIDOS Y EFICACES<\/h3>\n\n\n\n<p class=\"has-text-align-center has-white-color has-text-color\">Trabajamos en toda la provincia de Murcia, Albacete y Alicante.<\/p>\n<\/div>\n<\/div>\n\n\n\n<div id=\"wp-block-themeisle-blocks-advanced-column-db919a95\" class=\"wp-block-themeisle-blocks-advanced-column has-dark-bg\">\n<div id=\"wp-block-themeisle-blocks-font-awesome-icons-535ed4db\" class=\"wp-block-themeisle-blocks-font-awesome-icons\"><span class=\"wp-block-themeisle-blocks-font-awesome-icons-container\"><i class=\"fas fa-book-reader\"><\/i><\/span><\/div>\n\n\n\n<h3 id=\"wp-block-themeisle-blocks-advanced-heading-b8cf84c0\" class=\"wp-block-themeisle-blocks-advanced-heading wp-block-themeisle-blocks-advanced-heading-b8cf84c0\">SERVICIOS<\/h3>\n\n\n\n<p class=\"has-text-align-center has-white-color has-text-color\">Mantenimiento de cubiertas, desag\u00fces, canalones e instalaci\u00f3n de panel s\u00e1ndwich.<\/p>\n<\/div>\n\n\n\n<div id=\"wp-block-themeisle-blocks-advanced-column-96d6a1cf\" class=\"wp-block-themeisle-blocks-advanced-column has-dark-bg\">\n<div id=\"wp-block-themeisle-blocks-font-awesome-icons-bf8b5c93\" class=\"wp-block-themeisle-blocks-font-awesome-icons\"><span class=\"wp-block-themeisle-blocks-font-awesome-icons-container\"><i class=\"far fa-building\"><\/i><\/span><\/div>\n\n\n\n<h3 id=\"wp-block-themeisle-blocks-advanced-heading-30ba61e3\" class=\"wp-block-themeisle-blocks-advanced-heading wp-block-themeisle-blocks-advanced-heading-30ba61e3\">RESIDENCIAL E INDUSTRIAL<\/h3>\n\n\n\n<p class=\"has-text-align-center has-white-color has-text-color\">Trabajamos para viviendas, comercios e instalaciones industriales.<\/p>\n<\/div>\n<\/div><\/div>\n\n\n\n<div id=\"wp-block-themeisle-blocks-advanced-columns-119225a0\" class=\"wp-block-themeisle-blocks-advanced-columns alignfull has-3-columns has-desktop-equal-layout has-tablet-equal-layout has-mobile-collapsedRows-layout has-vertical-unset ticss-04024ac5 has-dark-bg\"><div class=\"wp-block-themeisle-blocks-advanced-columns-overlay\"><\/div><div class=\"innerblocks-wrap\">\n<div id=\"wp-block-themeisle-blocks-advanced-column-5f7779d7\" class=\"wp-block-themeisle-blocks-advanced-column\">\n<figure class=\"wp-block-image size-large\"><img loading=\"lazy\" decoding=\"async\" width=\"480\" height=\"480\" data-attachment-id=\"328\" data-permalink=\"https:\/\/www.canalonesceuti.com\/web\/reparacion-de-canalones-en-murcia\/\" data-orig-file=\"https:\/\/www.canalonesceuti.com\/web\/wp-content\/uploads\/2021\/06\/reparacion-de-canalones-en-murcia.jpg\" data-orig-size=\"480,480\" data-comments-opened=\"1\" data-image-meta=\"{&quot;aperture&quot;:&quot;0&quot;,&quot;credit&quot;:&quot;&quot;,&quot;camera&quot;:&quot;&quot;,&quot;caption&quot;:&quot;&quot;,&quot;created_timestamp&quot;:&quot;0&quot;,&quot;copyright&quot;:&quot;&quot;,&quot;focal_length&quot;:&quot;0&quot;,&quot;iso&quot;:&quot;0&quot;,&quot;shutter_speed&quot;:&quot;0&quot;,&quot;title&quot;:&quot;&quot;,&quot;orientation&quot;:&quot;0&quot;}\" data-image-title=\"reparacion de canalones en murcia\" data-image-description=\"\" data-image-caption=\"\" data-medium-file=\"https:\/\/www.canalonesceuti.com\/web\/wp-content\/uploads\/2021\/06\/reparacion-de-canalones-en-murcia-300x300.jpg\" data-large-file=\"https:\/\/www.canalonesceuti.com\/web\/wp-content\/uploads\/2021\/06\/reparacion-de-canalones-en-murcia.jpg\" src=\"https:\/\/www.canalonesceuti.com\/web\/wp-content\/uploads\/2021\/06\/reparacion-de-canalones-en-murcia.jpg\" alt=\"\" class=\"wp-image-328\" srcset=\"https:\/\/www.canalonesceuti.com\/web\/wp-content\/uploads\/2021\/06\/reparacion-de-canalones-en-murcia.jpg 480w, https:\/\/www.canalonesceuti.com\/web\/wp-content\/uploads\/2021\/06\/reparacion-de-canalones-en-murcia-300x300.jpg 300w, https:\/\/www.canalonesceuti.com\/web\/wp-content\/uploads\/2021\/06\/reparacion-de-canalones-en-murcia-150x150.jpg 150w\" sizes=\"auto, (max-width: 480px) 100vw, 480px\" \/><\/figure>\n<\/div>\n\n\n\n<div id=\"wp-block-themeisle-blocks-advanced-column-005f5480\" class=\"wp-block-themeisle-blocks-advanced-column\">\n<figure class=\"wp-block-image size-large\"><img loading=\"lazy\" decoding=\"async\" width=\"1024\" height=\"1024\" data-attachment-id=\"37\" data-permalink=\"https:\/\/www.canalonesceuti.com\/web\/whatsapp-image-2021-06-05-at-11-08-42\/\" data-orig-file=\"https:\/\/www.canalonesceuti.com\/web\/wp-content\/uploads\/2021\/06\/WhatsApp-Image-2021-06-05-at-11.08.42-e1624001618625.jpg\" data-orig-size=\"360,360\" data-comments-opened=\"1\" data-image-meta=\"{&quot;aperture&quot;:&quot;0&quot;,&quot;credit&quot;:&quot;&quot;,&quot;camera&quot;:&quot;&quot;,&quot;caption&quot;:&quot;&quot;,&quot;created_timestamp&quot;:&quot;0&quot;,&quot;copyright&quot;:&quot;&quot;,&quot;focal_length&quot;:&quot;0&quot;,&quot;iso&quot;:&quot;0&quot;,&quot;shutter_speed&quot;:&quot;0&quot;,&quot;title&quot;:&quot;&quot;,&quot;orientation&quot;:&quot;0&quot;}\" data-image-title=\"canalon 4\" data-image-description=\"\" data-image-caption=\"\" data-medium-file=\"https:\/\/www.canalonesceuti.com\/web\/wp-content\/uploads\/2021\/06\/WhatsApp-Image-2021-06-05-at-11.08.42-e1624001600781-300x300.jpg\" data-large-file=\"https:\/\/www.canalonesceuti.com\/web\/wp-content\/uploads\/2021\/06\/WhatsApp-Image-2021-06-05-at-11.08.42-e1624001600781-1024x1024.jpg\" src=\"https:\/\/www.canalonesceuti.com\/web\/wp-content\/uploads\/2021\/06\/WhatsApp-Image-2021-06-05-at-11.08.42-e1624001600781-1024x1024.jpg\" alt=\"\" class=\"wp-image-37\"\/><\/figure>\n<\/div>\n\n\n\n<div id=\"wp-block-themeisle-blocks-advanced-column-e65ddd21\" class=\"wp-block-themeisle-blocks-advanced-column\">\n<figure class=\"wp-block-image size-large\"><img loading=\"lazy\" decoding=\"async\" width=\"1024\" height=\"1024\" data-attachment-id=\"36\" data-permalink=\"https:\/\/www.canalonesceuti.com\/web\/whatsapp-image-2021-06-05-at-11-08-42-1\/\" data-orig-file=\"https:\/\/www.canalonesceuti.com\/web\/wp-content\/uploads\/2021\/06\/WhatsApp-Image-2021-06-05-at-11.08.42-1-e1624001459719.jpg\" data-orig-size=\"360,360\" data-comments-opened=\"1\" data-image-meta=\"{&quot;aperture&quot;:&quot;0&quot;,&quot;credit&quot;:&quot;&quot;,&quot;camera&quot;:&quot;&quot;,&quot;caption&quot;:&quot;&quot;,&quot;created_timestamp&quot;:&quot;0&quot;,&quot;copyright&quot;:&quot;&quot;,&quot;focal_length&quot;:&quot;0&quot;,&quot;iso&quot;:&quot;0&quot;,&quot;shutter_speed&quot;:&quot;0&quot;,&quot;title&quot;:&quot;&quot;,&quot;orientation&quot;:&quot;0&quot;}\" data-image-title=\"canalon 5\" data-image-description=\"\" data-image-caption=\"\" data-medium-file=\"https:\/\/www.canalonesceuti.com\/web\/wp-content\/uploads\/2021\/06\/WhatsApp-Image-2021-06-05-at-11.08.42-1-300x300.jpg\" data-large-file=\"https:\/\/www.canalonesceuti.com\/web\/wp-content\/uploads\/2021\/06\/WhatsApp-Image-2021-06-05-at-11.08.42-1-1024x1024.jpg\" src=\"https:\/\/www.canalonesceuti.com\/web\/wp-content\/uploads\/2021\/06\/WhatsApp-Image-2021-06-05-at-11.08.42-1-1024x1024.jpg\" alt=\"\" class=\"wp-image-36\"\/><\/figure>\n<\/div>\n<\/div><\/div>\n","protected":false},"excerpt":{"rendered":"","protected":false},"author":1,"featured_media":0,"parent":0,"menu_order":0,"comment_status":"closed","ping_status":"closed","template":"page-templates\/template-pagebuilder-full-width.php","meta":{"neve_meta_sidebar":"full-width","neve_meta_container":"","neve_meta_enable_content_width":"on","neve_meta_content_width":100,"neve_meta_title_alignment":"","neve_meta_author_avatar":"","neve_post_elements_order":"","neve_meta_disable_header":"","neve_meta_disable_footer":"","neve_meta_disable_title":"","advanced_seo_description":"","jetpack_seo_html_title":"","jetpack_seo_noindex":false,"_themeisle_gutenberg_block_has_review":false,"footnotes":""},"class_list":["post-174","page","type-page","status-publish","hentry"],"jetpack_sharing_enabled":true,"_links":{"self":[{"href":"https:\/\/www.canalonesceuti.com\/web\/wp-json\/wp\/v2\/pages\/174","targetHints":{"allow":["GET"]}}],"collection":[{"href":"https:\/\/www.canalonesceuti.com\/web\/wp-json\/wp\/v2\/pages"}],"about":[{"href":"https:\/\/www.canalonesceuti.com\/web\/wp-json\/wp\/v2\/types\/page"}],"author":[{"embeddable":true,"href":"https:\/\/www.canalonesceuti.com\/web\/wp-json\/wp\/v2\/users\/1"}],"replies":[{"embeddable":true,"href":"https:\/\/www.canalonesceuti.com\/web\/wp-json\/wp\/v2\/comments?post=174"}],"version-history":[{"count":13,"href":"https:\/\/www.canalonesceuti.com\/web\/wp-json\/wp\/v2\/pages\/174\/revisions"}],"predecessor-version":[{"id":468,"href":"https:\/\/www.canalonesceuti.com\/web\/wp-json\/wp\/v2\/pages\/174\/revisions\/468"}],"wp:attachment":[{"href":"https:\/\/www.canalonesceuti.com\/web\/wp-json\/wp\/v2\/media?parent=174"}],"curies":[{"name":"wp","href":"https:\/\/api.w.org\/{rel}","templated":true}]}}