{"id":210,"date":"2020-02-04T05:20:15","date_gmt":"2020-02-04T05:20:15","guid":{"rendered":"https:\/\/demosites.io\/architecture-gb\/?page_id=210"},"modified":"2021-06-27T10:40:26","modified_gmt":"2021-06-27T08:40:26","slug":"panel-sandwich","status":"publish","type":"page","link":"https:\/\/www.canalonesceuti.com\/web\/panel-sandwich\/","title":{"rendered":"Panel s\u00e1ndwich"},"content":{"rendered":"\n<div class=\"wp-block-themeisle-blocks-advanced-columns alignfull has-1-columns has-desktop-equal-layout has-tablet-equal-layout has-mobile-equal-layout has-default-gap has-vertical-center\" id=\"wp-block-themeisle-blocks-advanced-columns-67e825d7\"><div class=\"wp-block-themeisle-blocks-advanced-columns-overlay\"><\/div><div class=\"innerblocks-wrap\">\n<div class=\"wp-block-themeisle-blocks-advanced-column\" id=\"wp-block-themeisle-blocks-advanced-column-63cdac6e\">\n<h4 id=\"wp-block-themeisle-blocks-advanced-heading-2a229457\" class=\"wp-block-themeisle-blocks-advanced-heading wp-block-themeisle-blocks-advanced-heading-2a229457\">INSTALACI\u00d3N Y MANTENIMIENTO<\/h4>\n\n\n\n<h1 class=\"has-text-align-center has-nv-text-dark-bg-color has-text-color wp-block-heading\">PANEL S\u00c1NDWICH<\/h1>\n\n\n\n<p class=\"has-text-align-center has-nv-text-dark-bg-color has-text-color has-medium-font-size\">Realizamos el montaje, la estructura y el cerramiento del panel s\u00e1ndwich.<\/p>\n<\/div>\n<\/div><\/div>\n\n\n\n<div class=\"wp-block-themeisle-blocks-advanced-columns alignfull has-2-columns has-desktop-equal-layout has-tablet-equal-layout has-mobile-collapsedRows-layout has-default-gap has-vertical-center ticss-7c3b5c80\" id=\"wp-block-themeisle-blocks-advanced-columns-05a9f139\"><div class=\"wp-block-themeisle-blocks-advanced-columns-overlay\"><\/div><div class=\"innerblocks-wrap\">\n<div class=\"wp-block-themeisle-blocks-advanced-column\" id=\"wp-block-themeisle-blocks-advanced-column-ab343fda\">\n<h2 class=\"wp-block-heading\">PANEL S\u00c1NDWICH<\/h2>\n\n\n\n<p>Los paneles de s\u00e1ndwich cada vez se instalan m\u00e1s ya que tienen un gran aislamiento t\u00e9rmico tanto del fr\u00edo como del calor, mucho mejor que el ladrillo. As\u00ed que ya sea tu cubierta de madera, cer\u00e1mica o metal, es una excelente opci\u00f3n ya que es un material que perdura y resiste a las inclemencias del tiempo.<\/p>\n\n\n\n<p>Hay mucha variedad seg\u00fan la est\u00e9tica que busques, incluso de imitaci\u00f3n de las tejas, as\u00ed que tu escoges y nosotros te asesoramos.<\/p>\n\n\n\n<p>Tu construcci\u00f3n con paneles de s\u00e1ndwich ser\u00e1: <\/p>\n\n\n\n<ul class=\"wp-block-list\"><li>M\u00e1s r\u00e1pida<\/li><li>M\u00e1s eficiente<\/li><li>Con reducci\u00f3n de costes<\/li><li>M\u00e1s ecol\u00f3gica al ser un material reutilizable que produce menos residuos.<\/li><li>Mejor aislamiento t\u00e9rmico, ac\u00fastico y el comportamiento ante terremotos.<\/li><\/ul>\n<\/div>\n\n\n\n<div class=\"wp-block-themeisle-blocks-advanced-column\" id=\"wp-block-themeisle-blocks-advanced-column-3facdf7a\">\n<div class=\"wp-block-image\"><figure class=\"aligncenter size-large\"><img loading=\"lazy\" decoding=\"async\" width=\"400\" height=\"300\" data-attachment-id=\"53\" data-permalink=\"https:\/\/www.canalonesceuti.com\/web\/panel-de-sandwich-cubierta\/\" data-orig-file=\"https:\/\/www.canalonesceuti.com\/web\/wp-content\/uploads\/2021\/06\/panel-de-sandwich-cubierta-e1624514832338.jpg\" data-orig-size=\"400,300\" data-comments-opened=\"1\" data-image-meta=\"{&quot;aperture&quot;:&quot;0&quot;,&quot;credit&quot;:&quot;&quot;,&quot;camera&quot;:&quot;&quot;,&quot;caption&quot;:&quot;&quot;,&quot;created_timestamp&quot;:&quot;0&quot;,&quot;copyright&quot;:&quot;&quot;,&quot;focal_length&quot;:&quot;0&quot;,&quot;iso&quot;:&quot;0&quot;,&quot;shutter_speed&quot;:&quot;0&quot;,&quot;title&quot;:&quot;&quot;,&quot;orientation&quot;:&quot;1&quot;}\" data-image-title=\"panel de sandwich cubierta\" data-image-description=\"\" data-image-caption=\"\" data-medium-file=\"https:\/\/www.canalonesceuti.com\/web\/wp-content\/uploads\/2021\/06\/panel-de-sandwich-cubierta-e1624514832338-300x225.jpg\" data-large-file=\"https:\/\/www.canalonesceuti.com\/web\/wp-content\/uploads\/2021\/06\/panel-de-sandwich-cubierta-e1624514832338.jpg\" src=\"https:\/\/www.canalonesceuti.com\/web\/wp-content\/uploads\/2021\/06\/panel-de-sandwich-cubierta-e1624514832338.jpg\" alt=\"\" class=\"wp-image-53\" srcset=\"https:\/\/www.canalonesceuti.com\/web\/wp-content\/uploads\/2021\/06\/panel-de-sandwich-cubierta-e1624514832338.jpg 400w, https:\/\/www.canalonesceuti.com\/web\/wp-content\/uploads\/2021\/06\/panel-de-sandwich-cubierta-e1624514832338-300x225.jpg 300w\" sizes=\"auto, (max-width: 400px) 100vw, 400px\" \/><\/figure><\/div>\n<\/div>\n<\/div><\/div>\n\n\n\n<div class=\"wp-block-themeisle-blocks-advanced-columns alignfull has-1-columns has-desktop-equal-layout has-tablet-equal-layout has-mobile-equal-layout has-default-gap has-vertical-unset ticss-86da0a06\" id=\"wp-block-themeisle-blocks-advanced-columns-ea16ff20\"><div class=\"wp-block-themeisle-blocks-advanced-columns-overlay\"><\/div><div class=\"innerblocks-wrap\">\n<div class=\"wp-block-themeisle-blocks-advanced-column\" id=\"wp-block-themeisle-blocks-advanced-column-80af72bc\">\n<h4 id=\"wp-block-themeisle-blocks-advanced-heading-0f630e98\" class=\"wp-block-themeisle-blocks-advanced-heading wp-block-themeisle-blocks-advanced-heading-0f630e98\">TRABAJEMOS JUNTOS<\/h4>\n\n\n\n<h2 class=\"has-text-align-center has-nv-text-dark-bg-color has-text-color wp-block-heading\">CANALONES CEUT\u00cd<\/h2>\n\n\n\n<div style=\"height:20px\" aria-hidden=\"true\" class=\"wp-block-spacer\"><\/div>\n\n\n\n<div class=\"wp-block-buttons is-content-justification-center is-layout-flex wp-block-buttons-is-layout-flex\">\n<div class=\"wp-block-button is-style-primary\"><a class=\"wp-block-button__link\" href=\"\/web\/contacto\/\">CONTACTA CON NOSOTROS<\/a><\/div>\n<\/div>\n<\/div>\n<\/div><\/div>\n","protected":false},"excerpt":{"rendered":"","protected":false},"author":1,"featured_media":0,"parent":0,"menu_order":0,"comment_status":"closed","ping_status":"closed","template":"page-templates\/template-pagebuilder-full-width.php","meta":{"neve_meta_sidebar":"full-width","neve_meta_container":"","neve_meta_enable_content_width":"on","neve_meta_content_width":100,"neve_meta_title_alignment":"","neve_meta_author_avatar":"","neve_post_elements_order":"","neve_meta_disable_header":"","neve_meta_disable_footer":"","neve_meta_disable_title":"","advanced_seo_description":"","jetpack_seo_html_title":"","jetpack_seo_noindex":false,"_themeisle_gutenberg_block_has_review":false,"footnotes":""},"class_list":["post-210","page","type-page","status-publish","hentry"],"jetpack_sharing_enabled":true,"_links":{"self":[{"href":"https:\/\/www.canalonesceuti.com\/web\/wp-json\/wp\/v2\/pages\/210","targetHints":{"allow":["GET"]}}],"collection":[{"href":"https:\/\/www.canalonesceuti.com\/web\/wp-json\/wp\/v2\/pages"}],"about":[{"href":"https:\/\/www.canalonesceuti.com\/web\/wp-json\/wp\/v2\/types\/page"}],"author":[{"embeddable":true,"href":"https:\/\/www.canalonesceuti.com\/web\/wp-json\/wp\/v2\/users\/1"}],"replies":[{"embeddable":true,"href":"https:\/\/www.canalonesceuti.com\/web\/wp-json\/wp\/v2\/comments?post=210"}],"version-history":[{"count":5,"href":"https:\/\/www.canalonesceuti.com\/web\/wp-json\/wp\/v2\/pages\/210\/revisions"}],"predecessor-version":[{"id":357,"href":"https:\/\/www.canalonesceuti.com\/web\/wp-json\/wp\/v2\/pages\/210\/revisions\/357"}],"wp:attachment":[{"href":"https:\/\/www.canalonesceuti.com\/web\/wp-json\/wp\/v2\/media?parent=210"}],"curies":[{"name":"wp","href":"https:\/\/api.w.org\/{rel}","templated":true}]}}