{"id":345,"date":"2021-06-26T18:45:17","date_gmt":"2021-06-26T16:45:17","guid":{"rendered":"https:\/\/www.canalonesceuti.com\/web\/?page_id=345"},"modified":"2021-06-27T11:22:37","modified_gmt":"2021-06-27T09:22:37","slug":"cookies","status":"publish","type":"page","link":"https:\/\/www.canalonesceuti.com\/web\/cookies\/","title":{"rendered":"Cookies"},"content":{"rendered":"\n<div class=\"wp-block-themeisle-blocks-advanced-columns has-1-columns has-desktop-equal-layout has-tablet-equal-layout has-mobile-equal-layout has-default-gap has-vertical-unset\" id=\"wp-block-themeisle-blocks-advanced-columns-b802756b\"><div class=\"wp-block-themeisle-blocks-advanced-columns-overlay\"><\/div><div class=\"innerblocks-wrap\">\n<div class=\"wp-block-themeisle-blocks-advanced-column\" id=\"wp-block-themeisle-blocks-advanced-column-8843f41a\">\n<h3 class=\"wp-block-heading\">DEFINICI\u00d3N Y FUNCI\u00d3N DE LAS COOKIES<\/h3>\n\n\n\n<p><strong>\u00bfQue son las cookies?<\/strong>&nbsp;Una cookie es un fichero que se descarga en tu ordenador al acceder a determinadas pa\u00e1ginas web. Las cookies permiten a una p\u00e1gina web, entre otras cosas, almacenar y recuperar informaci\u00f3n sobre los h\u00e1bitos de navegaci\u00f3n de un usuario o de su equipo y, dependiendo de la informaci\u00f3n que contengan y de la forma en que utilice su equipo, pueden utilizarse para reconocer al usuario.<\/p>\n\n\n\n<h3 class=\"wp-block-heading\">TIPOS DE COOKIES<\/h3>\n\n\n\n<ol class=\"wp-block-list\"><li>En funci\u00f3n del propietario de la cookie:<ol><li>Cookies propias: Son aquellas que se env\u00edan al equipo terminal del usuario desde un equipo o dominio gestionado por el propio editor y desde el que se presta el servicio solicitado por el usuario.<\/li><li>Cookies de tercero: Son aquellas que se env\u00edan al equipo terminal del usuario desde un equipo o dominio que no es gestionado por el editor, sino por otra entidad que trata los datos obtenidos trav\u00e9s de las cookies.<\/li><\/ol><\/li><li>En funci\u00f3n de la duraci\u00f3n de la cookie:<ol><li>Cookies de sesi\u00f3n: Son un tipo de cookies dise\u00f1adas para recabar y almacenar datos mientras el usuario accede a una p\u00e1gina web.<\/li><li>Cookies persistentes: Son un tipo de cookies en el que los datos siguen almacenados en el terminal y pueden ser accedidos y tratados durante un periodo definido por el responsable de la cookie, y que puede ir de unos minutos a varios a\u00f1os.<\/li><\/ol><\/li><li>En funci\u00f3n de la finalidad de la cookie:<ol><li>Cookies de an\u00e1lisis: Son aquellas que bien tratadas por nosotros o por terceros, nos permiten cuantificar el n\u00famero de usuarios y as\u00ed realizar la medici\u00f3n y an\u00e1lisis estad\u00edstico de la utilizaci\u00f3n que hacen los usuarios del servicio ofertado. Para ello se analiza su navegaci\u00f3n en nuestra p\u00e1gina web con el fin de mejorar la oferta de productos o servicios que le ofrecemos.<\/li><li>Cookies publicitarias: Son aquellas que permiten la gesti\u00f3n, de la forma m\u00e1s eficaz posible, de los espacios publicitarios que, en su caso, el editor haya incluido en una p\u00e1gina web, aplicaci\u00f3n o plataforma desde la que presta el servicio olicitado en base a criterios como el contenido editado o la frecuencia en la que se muestran los anuncios.<\/li><li>Cookies de publicidad comportamental: Son aquellas que permiten la gesti\u00f3n, de la forma m\u00e1s eficaz posible, de los espacios publicitarios que, en su caso, el editor haya incluido en una p\u00e1gina web, aplicaci\u00f3n o plataforma desde la que presta el servicio solicitado. Estas cookies almacenan informaci\u00f3n del comportamiento de los usuarios obtenida a trav\u00e9s de la observaci\u00f3n continuada de sus h\u00e1bitos de navegaci\u00f3n, lo que permite desarrollar un perfil espec\u00edfico para mostrar publicidad en funci\u00f3n del mismo.<\/li><li>Asimismo es posible que al visitar alguna pagina web o al abrir alg\u00fan email donde se publique alg\u00fan anuncio o alguna promoci\u00f3n sobre nuestros productos o servicios se instale en tu navegador alguna cookie que nos sirve para mostrarte posteriormente publicidad relacionada con la b\u00fasqueda que hayas realizado, desarrollar un control de nuestros anuncios en relaci\u00f3n, por ejemplo, con el numero de veces que son vistos, donde aparecen, a que hora se ven, etc<\/li><li>Cookies t\u00e9cnicas: Son aquellas que permiten al usuario la navegaci\u00f3n a trav\u00e9s de una p\u00e1gina web, plataforma o aplicaci\u00f3n y la utilizaci\u00f3n de las diferentes opciones o servicios que en ella existan como, por ejemplo, controlar el tr\u00e1fico y la comunicaci\u00f3n de datos, identificar la sesi\u00f3n, acceder a partes de acceso restringido, recordar los elementos que integran un pedido, realizar el proceso de compra de un pedido, realizar la solicitud de inscripci\u00f3n o participaci\u00f3n en un evento, utilizar elementos de seguridad durante la navegaci\u00f3n, almacenar contenidos para la difusi\u00f3n de videos o sonido o compartir contenidos a trav\u00e9s de redes sociales<\/li><li>Cookies de personalizaci\u00f3n: Son aquellas que permiten al usuario acceder al servicio con algunas caracter\u00edsticas de car\u00e1cter general predefinidas en funci\u00f3n de una serie de criterios en el terminal del usuario como por ejemplo serian el idioma, el tipo de navegador a trav\u00e9s del cual accede al servicio, la configuraci\u00f3n regional desde donde accede al servicio, etc<\/li><\/ol><\/li><\/ol>\n\n\n\n<h3 class=\"wp-block-heading\">COOKIES UTILIZADAS EN ESTA WEB<\/h3>\n\n\n\n<p>Utilizamos las siguientes cookies que se detallan en el cuadro siguiente:<\/p>\n\n\n\n<ul class=\"wp-block-list\"><li>Cookies estrictamente necesarias<ul><li>para la prestaci\u00f3n de determinados servicios solicitados expresamente por el usuario: si se desactivan estas cookies, no podr\u00e1 recibir correctamente nuestros contenidos y servicios.<\/li><\/ul><\/li><li>Cookies anal\u00edticas<ul><li>Esta web no utiliza este tipo de cookies.<\/li><\/ul><\/li><li>Cookies publicitarias<ul><li>No utilizamos este tipo de cookies<\/li><\/ul><\/li><li>Cookies comportamentales<ul><li>No utilizamos este tipo de cookies<\/li><\/ul><\/li><\/ul>\n\n\n\n<h3 class=\"wp-block-heading\">\u00bfCOMO PUEDE DESACTIVAR O PERMITIR LAS COOKIES EN SU NAVEGADOR?<\/h3>\n\n\n\n<p>Los navegadores permiten, normalmente, las cookies de forma predeterminada. Al seguir navegando por nuestra web, est\u00e1 Ud. aceptando, impl\u00edcitamente, la instalaci\u00f3n de cookies en su dispositivo. No obstante, puede Ud. configurar su navegador para restringir el uso de \u00e9stas.<\/p>\n\n\n\n<p>Puede visitar e sta web para saber c\u00f3mo configurar los diferentes navegadores y restringir las cookies:&nbsp;<a href=\"http:\/\/es.wikihow.com\/eliminar%C2%ADlas%C2%ADcookies%C2%ADdel%C2%ADnavegador\" target=\"_blank\" rel=\"noreferrer noopener\">http:\/\/es.wikihow.com\/eliminar\u00adlas\u00adcookies\u00addel\u00adnavegador<\/a><\/p>\n<\/div>\n<\/div><\/div>\n","protected":false},"excerpt":{"rendered":"","protected":false},"author":1,"featured_media":0,"parent":0,"menu_order":0,"comment_status":"closed","ping_status":"closed","template":"","meta":{"neve_meta_sidebar":"full-width","neve_meta_container":"","neve_meta_enable_content_width":"on","neve_meta_content_width":100,"neve_meta_title_alignment":"","neve_meta_author_avatar":"","neve_post_elements_order":"","neve_meta_disable_header":"","neve_meta_disable_footer":"","neve_meta_disable_title":"","advanced_seo_description":"","jetpack_seo_html_title":"","jetpack_seo_noindex":false,"_themeisle_gutenberg_block_has_review":false,"footnotes":""},"class_list":["post-345","page","type-page","status-publish","hentry"],"jetpack_sharing_enabled":true,"_links":{"self":[{"href":"https:\/\/www.canalonesceuti.com\/web\/wp-json\/wp\/v2\/pages\/345","targetHints":{"allow":["GET"]}}],"collection":[{"href":"https:\/\/www.canalonesceuti.com\/web\/wp-json\/wp\/v2\/pages"}],"about":[{"href":"https:\/\/www.canalonesceuti.com\/web\/wp-json\/wp\/v2\/types\/page"}],"author":[{"embeddable":true,"href":"https:\/\/www.canalonesceuti.com\/web\/wp-json\/wp\/v2\/users\/1"}],"replies":[{"embeddable":true,"href":"https:\/\/www.canalonesceuti.com\/web\/wp-json\/wp\/v2\/comments?post=345"}],"version-history":[{"count":2,"href":"https:\/\/www.canalonesceuti.com\/web\/wp-json\/wp\/v2\/pages\/345\/revisions"}],"predecessor-version":[{"id":362,"href":"https:\/\/www.canalonesceuti.com\/web\/wp-json\/wp\/v2\/pages\/345\/revisions\/362"}],"wp:attachment":[{"href":"https:\/\/www.canalonesceuti.com\/web\/wp-json\/wp\/v2\/media?parent=345"}],"curies":[{"name":"wp","href":"https:\/\/api.w.org\/{rel}","templated":true}]}}